{"id":998,"date":"2021-07-04T23:55:07","date_gmt":"2021-07-04T21:55:07","guid":{"rendered":"http:\/\/ferienhaus-istrien.info\/?page_id=998"},"modified":"2023-09-30T13:33:48","modified_gmt":"2023-09-30T11:33:48","slug":"impressum","status":"publish","type":"page","link":"https:\/\/ferienhaus-istrien.info\/?page_id=998","title":{"rendered":"IMPRESSUM"},"content":{"rendered":"\t\t<div data-elementor-type=\"wp-page\" data-elementor-id=\"998\" class=\"elementor elementor-998\">\n\t\t\t\t\t\t<section class=\"elementor-section elementor-top-section elementor-element elementor-element-a985cbd elementor-section-boxed elementor-section-height-default elementor-section-height-default jltma-glass-effect-no\" data-id=\"a985cbd\" data-element_type=\"section\" data-e-type=\"section\" data-settings=\"{&quot;background_background&quot;:&quot;classic&quot;}\">\n\t\t\t\t\t\t<div class=\"elementor-container elementor-column-gap-default\">\n\t\t\t\t\t<div class=\"elementor-column elementor-col-50 elementor-top-column elementor-element elementor-element-eff10ab jltma-glass-effect-no\" data-id=\"eff10ab\" data-element_type=\"column\" data-e-type=\"column\">\n\t\t\t<div class=\"elementor-widget-wrap elementor-element-populated\">\n\t\t\t\t\t\t<div class=\"elementor-element elementor-element-0c6ffa9 jltma-glass-effect-no elementor-widget elementor-widget-image\" data-id=\"0c6ffa9\" data-element_type=\"widget\" data-e-type=\"widget\" data-widget_type=\"image.default\">\n\t\t\t\t<div class=\"elementor-widget-container\">\n\t\t\t\t\t\t\t\t\t\t\t\t\t\t\t<img decoding=\"async\" width=\"300\" height=\"118\" src=\"https:\/\/ferienhaus-istrien.info\/wp-content\/uploads\/2021\/07\/cropped-Bildschirmfoto-2021-07-01-um-17.34.59-300x118.png\" class=\"attachment-medium size-medium wp-image-374\" alt=\"\" srcset=\"https:\/\/ferienhaus-istrien.info\/wp-content\/uploads\/2021\/07\/cropped-Bildschirmfoto-2021-07-01-um-17.34.59-300x118.png 300w, https:\/\/ferienhaus-istrien.info\/wp-content\/uploads\/2021\/07\/cropped-Bildschirmfoto-2021-07-01-um-17.34.59.png 546w\" sizes=\"(max-width: 300px) 100vw, 300px\" \/>\t\t\t\t\t\t\t\t\t\t\t\t\t\t\t<\/div>\n\t\t\t\t<\/div>\n\t\t\t\t\t<\/div>\n\t\t<\/div>\n\t\t\t\t<div class=\"elementor-column elementor-col-50 elementor-top-column elementor-element elementor-element-2e53279 jltma-glass-effect-no\" data-id=\"2e53279\" data-element_type=\"column\" data-e-type=\"column\">\n\t\t\t<div class=\"elementor-widget-wrap elementor-element-populated\">\n\t\t\t\t\t\t<div class=\"elementor-element elementor-element-5ed810f jltma-menu-alignment-center jltma-dropdown-breakpoints-tablet jltma-icon-position-right jltma-dropdown-align-flex-start jltma-toggle-view-stacked jltma-main-menu-item-border-type-default jltma-dropdown-border-type-default jltma-dropdown-main-level-border-type-default jltma-dropdown-item-border-type-default jltma-pointer-none jltma-glass-effect-no elementor-widget elementor-widget-ma-navmenu jltma-addon ma-navmenu\" data-id=\"5ed810f\" data-element_type=\"widget\" data-e-type=\"widget\" data-settings=\"{&quot;layout&quot;:&quot;horizontal&quot;,&quot;dropdown_breakpoints&quot;:&quot;tablet&quot;}\" data-widget_type=\"ma-navmenu.default\">\n\t\t\t\t<div class=\"elementor-widget-container\">\n\t\t\t\t\t<nav class=\"jltma-nav-menu__main jltma-nav-menu__container default-main-icon-hide  jltma-layout-horizontal\" data-icon-main=\"fas fa-angle-down\" data-icon-sub=\"\"><ul id=\"menu-1-5ed810f\" class=\"jltma-nav-menu__container-inner\"><li id=\"menu-item-574\" class=\"menu-item menu-item-type-post_type menu-item-object-page menu-item-home menu-item-574 nav-item jltma-megamenu-hover jltma-mobile-builder-content\"><a href=\"https:\/\/ferienhaus-istrien.info\/\" class=\"jltma-menu-nav-link nav-link jltma-nav-menu__dropdown-item jltma-nav-menu__item-link-top jltma-arrow-animation-\"><span class=\"jltma-nav-menu__main-item-text-wrap\"><span class=\"jltma-nav-menu__main-item-text\">Home<\/span><\/span><\/a><\/li>\n<li id=\"menu-item-572\" class=\"menu-item menu-item-type-post_type menu-item-object-page menu-item-572 nav-item jltma-megamenu-hover jltma-mobile-builder-content\"><a href=\"https:\/\/ferienhaus-istrien.info\/?page_id=568\" class=\"jltma-menu-nav-link nav-link jltma-nav-menu__dropdown-item jltma-nav-menu__item-link-top jltma-arrow-animation-\"><span class=\"jltma-nav-menu__main-item-text-wrap\"><span class=\"jltma-nav-menu__main-item-text\">Maslina<\/span><\/span><\/a><\/li>\n<li id=\"menu-item-972\" class=\"menu-item menu-item-type-post_type menu-item-object-page menu-item-972 nav-item jltma-megamenu-hover jltma-mobile-builder-content\"><a href=\"https:\/\/ferienhaus-istrien.info\/?page_id=970\" class=\"jltma-menu-nav-link nav-link jltma-nav-menu__dropdown-item jltma-nav-menu__item-link-top jltma-arrow-animation-\"><span class=\"jltma-nav-menu__main-item-text-wrap\"><span class=\"jltma-nav-menu__main-item-text\">Rosa<\/span><\/span><\/a><\/li>\n<li id=\"menu-item-755\" class=\"menu-item menu-item-type-post_type menu-item-object-page menu-item-755 nav-item jltma-megamenu-hover jltma-mobile-builder-content\"><a href=\"https:\/\/ferienhaus-istrien.info\/?page_id=754\" class=\"jltma-menu-nav-link nav-link jltma-nav-menu__dropdown-item jltma-nav-menu__item-link-top jltma-arrow-animation-\"><span class=\"jltma-nav-menu__main-item-text-wrap\"><span class=\"jltma-nav-menu__main-item-text\">Termine<\/span><\/span><\/a><\/li>\n<li id=\"menu-item-1072\" class=\"menu-item menu-item-type-post_type menu-item-object-page menu-item-1072 nav-item jltma-megamenu-hover jltma-mobile-builder-content\"><a href=\"https:\/\/ferienhaus-istrien.info\/?page_id=1071\" class=\"jltma-menu-nav-link nav-link jltma-nav-menu__dropdown-item jltma-nav-menu__item-link-top jltma-arrow-animation-\"><span class=\"jltma-nav-menu__main-item-text-wrap\"><span class=\"jltma-nav-menu__main-item-text\">\u00dcber uns<\/span><\/span><\/a><\/li>\n<\/ul><\/nav><div class=\"jltma-nav-menu__toggle-container jltma-layout-horizontal jltma-menu-dropdown-type-icon\" role=\"button\" tabindex=\"0\" aria-controls=\"jltma-nav-dropdown-5ed810f\" aria-expanded=\"false\" aria-label=\"Toggle menu\"><div class=\"jltma-nav-menu__toggle\"><span class=\"jltma-toggle-icon\"><i class=\"eicon-menu-bar\"><\/i><\/span><span class=\"jltma-toggle-icon-active\"><i class=\"eicon-close\"><\/i><\/span><\/div><\/div><nav class=\"jltma-nav-menu__dropdown jltma-nav-menu__container jltma-layout-horizontal jltma-menu-dropdown-type-icon jltma-arrow-animation-\" id=\"jltma-nav-dropdown-5ed810f\" data-menu-type=\"icon\" data-icon-sub=\"\"><ul id=\"jltma_menu-4-5ed810f\" class=\"jltma-nav-menu__container-inner jltma-nav-menu-dropdown\"><li class=\"menu-item menu-item-type-post_type menu-item-object-page menu-item-home menu-item-574 nav-item jltma-megamenu-hover jltma-mobile-builder-content\"><a href=\"https:\/\/ferienhaus-istrien.info\/\" class=\"jltma-menu-nav-link nav-link\">Home<\/a><\/li>\n<li class=\"menu-item menu-item-type-post_type menu-item-object-page menu-item-572 nav-item jltma-megamenu-hover jltma-mobile-builder-content\"><a href=\"https:\/\/ferienhaus-istrien.info\/?page_id=568\" class=\"jltma-menu-nav-link nav-link\">Maslina<\/a><\/li>\n<li class=\"menu-item menu-item-type-post_type menu-item-object-page menu-item-972 nav-item jltma-megamenu-hover jltma-mobile-builder-content\"><a href=\"https:\/\/ferienhaus-istrien.info\/?page_id=970\" class=\"jltma-menu-nav-link nav-link\">Rosa<\/a><\/li>\n<li class=\"menu-item menu-item-type-post_type menu-item-object-page menu-item-755 nav-item jltma-megamenu-hover jltma-mobile-builder-content\"><a href=\"https:\/\/ferienhaus-istrien.info\/?page_id=754\" class=\"jltma-menu-nav-link nav-link\">Termine<\/a><\/li>\n<li class=\"menu-item menu-item-type-post_type menu-item-object-page menu-item-1072 nav-item jltma-megamenu-hover jltma-mobile-builder-content\"><a href=\"https:\/\/ferienhaus-istrien.info\/?page_id=1071\" class=\"jltma-menu-nav-link nav-link\">\u00dcber uns<\/a><\/li>\n<\/ul><\/nav>\t\t\t\t<\/div>\n\t\t\t\t<\/div>\n\t\t\t\t\t<\/div>\n\t\t<\/div>\n\t\t\t\t\t<\/div>\n\t\t<\/section>\n\t\t\t\t<section class=\"elementor-section elementor-top-section elementor-element elementor-element-f99a663 elementor-section-boxed elementor-section-height-default elementor-section-height-default jltma-glass-effect-no\" data-id=\"f99a663\" data-element_type=\"section\" data-e-type=\"section\">\n\t\t\t\t\t\t<div class=\"elementor-container elementor-column-gap-default\">\n\t\t\t\t\t<div class=\"elementor-column elementor-col-100 elementor-top-column elementor-element elementor-element-765ee9b jltma-glass-effect-no\" data-id=\"765ee9b\" data-element_type=\"column\" data-e-type=\"column\">\n\t\t\t<div class=\"elementor-widget-wrap elementor-element-populated\">\n\t\t\t\t\t\t<div class=\"elementor-element elementor-element-685775c jltma-glass-effect-no elementor-widget elementor-widget-text-editor\" data-id=\"685775c\" data-element_type=\"widget\" data-e-type=\"widget\" data-widget_type=\"text-editor.default\">\n\t\t\t\t<div class=\"elementor-widget-container\">\n\t\t\t\t\t\t\t\t\t<header class=\"article-header clearfix\"><h1 class=\"article-title\"><a title=\"Impressum\" href=\"https:\/\/stanisi.manner.name\/index.php\/de\/impressum\">Impressum<\/a><\/h1><\/header><section class=\"article-content clearfix\"><p>Markus H\u00e4rtner<br \/>Starnberger Strasse 33A<br \/>82335 Berg<br \/>Germany<\/p><h3>Kontakt<\/h3><p>Telefon: +49 172 8323432<br \/>E-Mail:\u00a0<span id=\"cloak7cb3de000d8524843e1a606964d19ac9\"><a href=\"mailto:robert@manner.name\">mh@menschment.de<\/a><\/span><\/p><h3>\u00a0<\/h3><h3>Haftung f\u00fcr Inhalte<\/h3><p>Als Diensteanbieter sind wir gem\u00e4\u00df \u00a7 7 Abs.1 TMG f\u00fcr eigene Inhalte auf diesen Seiten nach den allgemeinen Gesetzen verantwortlich. Nach \u00a7\u00a7 8 bis 10 TMG sind wir als Diensteanbieter jedoch nicht verpflichtet, \u00fcbermittelte oder gespeicherte fremde Informationen zu \u00fcberwachen oder nach Umst\u00e4nden zu forschen, die auf eine rechtswidrige T\u00e4tigkeit hinweisen.<\/p><p>Verpflichtungen zur Entfernung oder Sperrung der Nutzung von Informationen nach den allgemeinen Gesetzen bleiben hiervon unber\u00fchrt. Eine diesbez\u00fcgliche Haftung ist jedoch erst ab dem Zeitpunkt der Kenntnis einer konkreten Rechtsverletzung m\u00f6glich. Bei Bekanntwerden von entsprechenden Rechtsverletzungen werden wir diese Inhalte umgehend entfernen.<\/p><h3>Haftung f\u00fcr Links<\/h3><p>Unser Angebot enth\u00e4lt Links zu externen Websites Dritter, auf deren Inhalte wir keinen Einfluss haben. Deshalb k\u00f6nnen wir f\u00fcr diese fremden Inhalte auch keine Gew\u00e4hr \u00fcbernehmen. F\u00fcr die Inhalte der verlinkten Seiten ist stets der jeweilige Anbieter oder Betreiber der Seiten verantwortlich. Die verlinkten Seiten wurden zum Zeitpunkt der Verlinkung auf m\u00f6gliche Rechtsverst\u00f6\u00dfe \u00fcberpr\u00fcft. Rechtswidrige Inhalte waren zum Zeitpunkt der Verlinkung nicht erkennbar.<\/p><p>Eine permanente inhaltliche Kontrolle der verlinkten Seiten ist jedoch ohne konkrete Anhaltspunkte einer Rechtsverletzung nicht zumutbar. Bei Bekanntwerden von Rechtsverletzungen werden wir derartige Links umgehend entfernen.<\/p><h3>Urheberrecht<\/h3><p>Die durch die Seitenbetreiber erstellten Inhalte und Werke auf diesen Seiten unterliegen dem deutschen Urheberrecht. Die Vervielf\u00e4ltigung, Bearbeitung, Verbreitung und jede Art der Verwertung au\u00dferhalb der Grenzen des Urheberrechtes bed\u00fcrfen der schriftlichen Zustimmung des jeweiligen Autors bzw. Erstellers. Downloads und Kopien dieser Seite sind nur f\u00fcr den privaten, nicht kommerziellen Gebrauch gestattet.<\/p><p>Soweit die Inhalte auf dieser Seite nicht vom Betreiber erstellt wurden, werden die Urheberrechte Dritter beachtet. Insbesondere werden Inhalte Dritter als solche gekennzeichnet. Sollten Sie trotzdem auf eine Urheberrechtsverletzung aufmerksam werden, bitten wir um einen entsprechenden Hinweis. Bei Bekanntwerden von Rechtsverletzungen werden wir derartige Inhalte umgehend entfernen.<\/p><\/section>\t\t\t\t\t\t\t\t<\/div>\n\t\t\t\t<\/div>\n\t\t\t\t\t<\/div>\n\t\t<\/div>\n\t\t\t\t\t<\/div>\n\t\t<\/section>\n\t\t\t\t<\/div>\n\t\t","protected":false},"excerpt":{"rendered":"<p>Impressum Markus H\u00e4rtnerStarnberger Strasse 33A82335 BergGermany Kontakt Telefon: +49 172 8323432E-Mail:\u00a0mh@menschment.de \u00a0 Haftung f\u00fcr Inhalte Als Diensteanbieter sind wir gem\u00e4\u00df \u00a7 7 Abs.1 TMG f\u00fcr eigene Inhalte auf diesen Seiten nach den allgemeinen Gesetzen verantwortlich. Nach \u00a7\u00a7 8 bis 10 TMG sind wir als Diensteanbieter jedoch nicht verpflichtet, \u00fcbermittelte oder gespeicherte fremde Informationen zu \u00fcberwachen [&hellip;]<\/p>\n","protected":false},"author":1,"featured_media":0,"parent":0,"menu_order":0,"comment_status":"closed","ping_status":"closed","template":"","meta":{"ocean_post_layout":"full-width","ocean_both_sidebars_style":"","ocean_both_sidebars_content_width":0,"ocean_both_sidebars_sidebars_width":0,"ocean_sidebar":"0","ocean_second_sidebar":"0","ocean_disable_margins":"enable","ocean_add_body_class":"","ocean_shortcode_before_top_bar":"","ocean_shortcode_after_top_bar":"","ocean_shortcode_before_header":"","ocean_shortcode_after_header":"","ocean_has_shortcode":"","ocean_shortcode_after_title":"","ocean_shortcode_before_footer_widgets":"","ocean_shortcode_after_footer_widgets":"","ocean_shortcode_before_footer_bottom":"","ocean_shortcode_after_footer_bottom":"","ocean_display_top_bar":"off","ocean_display_header":"off","ocean_header_style":"","ocean_center_header_left_menu":"0","ocean_custom_header_template":"0","ocean_custom_logo":0,"ocean_custom_retina_logo":0,"ocean_custom_logo_max_width":0,"ocean_custom_logo_tablet_max_width":0,"ocean_custom_logo_mobile_max_width":0,"ocean_custom_logo_max_height":0,"ocean_custom_logo_tablet_max_height":0,"ocean_custom_logo_mobile_max_height":0,"ocean_header_custom_menu":"0","ocean_menu_typo_font_family":"0","ocean_menu_typo_font_subset":"","ocean_menu_typo_font_size":0,"ocean_menu_typo_font_size_tablet":0,"ocean_menu_typo_font_size_mobile":0,"ocean_menu_typo_font_size_unit":"px","ocean_menu_typo_font_weight":"","ocean_menu_typo_font_weight_tablet":"","ocean_menu_typo_font_weight_mobile":"","ocean_menu_typo_transform":"","ocean_menu_typo_transform_tablet":"","ocean_menu_typo_transform_mobile":"","ocean_menu_typo_line_height":0,"ocean_menu_typo_line_height_tablet":0,"ocean_menu_typo_line_height_mobile":0,"ocean_menu_typo_line_height_unit":"","ocean_menu_typo_spacing":0,"ocean_menu_typo_spacing_tablet":0,"ocean_menu_typo_spacing_mobile":0,"ocean_menu_typo_spacing_unit":"","ocean_menu_link_color":"","ocean_menu_link_color_hover":"","ocean_menu_link_color_active":"","ocean_menu_link_background":"","ocean_menu_link_hover_background":"","ocean_menu_link_active_background":"","ocean_menu_social_links_bg":"","ocean_menu_social_hover_links_bg":"","ocean_menu_social_links_color":"","ocean_menu_social_hover_links_color":"","ocean_disable_title":"on","ocean_disable_heading":"default","ocean_post_title":"","ocean_post_subheading":"","ocean_post_title_style":"","ocean_post_title_background_color":"","ocean_post_title_background":0,"ocean_post_title_bg_image_position":"","ocean_post_title_bg_image_attachment":"","ocean_post_title_bg_image_repeat":"","ocean_post_title_bg_image_size":"","ocean_post_title_height":0,"ocean_post_title_bg_overlay":0.5,"ocean_post_title_bg_overlay_color":"","ocean_disable_breadcrumbs":"default","ocean_breadcrumbs_color":"","ocean_breadcrumbs_separator_color":"","ocean_breadcrumbs_links_color":"","ocean_breadcrumbs_links_hover_color":"","ocean_display_footer_widgets":"off","ocean_display_footer_bottom":"off","ocean_custom_footer_template":"0","_glsr_average":0,"_glsr_ranking":0,"_glsr_reviews":0,"_joinchat":[],"footnotes":""},"class_list":["post-998","page","type-page","status-publish","hentry","entry"],"_links":{"self":[{"href":"https:\/\/ferienhaus-istrien.info\/index.php?rest_route=\/wp\/v2\/pages\/998","targetHints":{"allow":["GET"]}}],"collection":[{"href":"https:\/\/ferienhaus-istrien.info\/index.php?rest_route=\/wp\/v2\/pages"}],"about":[{"href":"https:\/\/ferienhaus-istrien.info\/index.php?rest_route=\/wp\/v2\/types\/page"}],"author":[{"embeddable":true,"href":"https:\/\/ferienhaus-istrien.info\/index.php?rest_route=\/wp\/v2\/users\/1"}],"replies":[{"embeddable":true,"href":"https:\/\/ferienhaus-istrien.info\/index.php?rest_route=%2Fwp%2Fv2%2Fcomments&post=998"}],"version-history":[{"count":13,"href":"https:\/\/ferienhaus-istrien.info\/index.php?rest_route=\/wp\/v2\/pages\/998\/revisions"}],"predecessor-version":[{"id":2324,"href":"https:\/\/ferienhaus-istrien.info\/index.php?rest_route=\/wp\/v2\/pages\/998\/revisions\/2324"}],"wp:attachment":[{"href":"https:\/\/ferienhaus-istrien.info\/index.php?rest_route=%2Fwp%2Fv2%2Fmedia&parent=998"}],"curies":[{"name":"wp","href":"https:\/\/api.w.org\/{rel}","templated":true}]}}